{"id":2558,"date":"2025-12-01T13:16:17","date_gmt":"2025-12-01T13:16:17","guid":{"rendered":"https:\/\/nstdigitalweb.it\/?page_id=2558"},"modified":"2025-12-01T13:20:25","modified_gmt":"2025-12-01T13:20:25","slug":"assistenza-tecnica-2-2-2","status":"publish","type":"page","link":"https:\/\/nstdigitalweb.it\/?page_id=2558","title":{"rendered":"Contatti"},"content":{"rendered":"\n<style type=\"text\/css\" data-created_by=\"avia_inline_auto\" id=\"style-css-av-lr9qjumv-4595bcfbca365dff50fe6d843f9e2cc3\">\n.avia-section.av-lr9qjumv-4595bcfbca365dff50fe6d843f9e2cc3{\nbackground-color:#ffffff;\nbackground-image:unset;\n}\n<\/style>\n<div id='av_section_1'  class='avia-section av-lr9qjumv-4595bcfbca365dff50fe6d843f9e2cc3 main_color avia-section-default avia-no-border-styling  avia-builder-el-0  el_before_av_layout_row  avia-builder-el-first  avia-bg-style-scroll container_wrap fullsize'  ><div class='container av-section-cont-open' ><main  role=\"main\" itemprop=\"mainContentOfPage\"  class='template-page content  av-content-full alpha units'><div class='post-entry post-entry-type-page post-entry-2558'><div class='entry-content-wrapper clearfix'>\n\n<style type=\"text\/css\" data-created_by=\"avia_inline_auto\" id=\"style-css-av-lr9r1plj-9da409733d586c102453dd1df244d9dd\">\n#top .av-special-heading.av-lr9r1plj-9da409733d586c102453dd1df244d9dd{\npadding-bottom:50px;\nfont-size:45px;\n}\nbody .av-special-heading.av-lr9r1plj-9da409733d586c102453dd1df244d9dd .av-special-heading-tag .heading-char{\nfont-size:25px;\n}\n#top #wrap_all .av-special-heading.av-lr9r1plj-9da409733d586c102453dd1df244d9dd .av-special-heading-tag{\nfont-size:45px;\n}\n.av-special-heading.av-lr9r1plj-9da409733d586c102453dd1df244d9dd .av-subheading{\nfont-size:15px;\n}\n\n@media only screen and (min-width: 480px) and (max-width: 767px){ \n#top #wrap_all .av-special-heading.av-lr9r1plj-9da409733d586c102453dd1df244d9dd .av-special-heading-tag{\nfont-size:0.8em;\n}\n}\n\n@media only screen and (max-width: 479px){ \n#top #wrap_all .av-special-heading.av-lr9r1plj-9da409733d586c102453dd1df244d9dd .av-special-heading-tag{\nfont-size:0.8em;\n}\n}\n<\/style>\n<div  class='av-special-heading av-lr9r1plj-9da409733d586c102453dd1df244d9dd av-special-heading-h1 blockquote elegant-quote elegant-centered  avia-builder-el-1  avia-builder-el-no-sibling  av-inherit-size'><h1 class='av-special-heading-tag'  itemprop=\"headline\"  ><span class=\"heading-wrap\">Scrivici<\/span><\/h1><div class=\"special-heading-border\"><div class=\"special-heading-inner-border\"><\/div><\/div><\/div>\n<\/div><\/div><\/main><!-- close content main element --><\/div><\/div><div id='av-layout-grid-1'  class='av-layout-grid-container av-c34p4c-cbc162c73f32370e338530d285f59884 entry-content-wrapper main_color av-flex-cells  avia-builder-el-2  el_after_av_section  el_before_av_layout_row  grid-row-not-first  container_wrap fullsize'  >\n<div class='flex_cell av-ahyfwc-8097e2faa8880580acf23251568ff643 av-gridrow-cell av_one_half no_margin  avia-builder-el-3  el_before_av_cell_one_half  avia-builder-el-first '  ><div class='flex_cell_inner'><div  class='flex_column av-pfwbw-414f992e48c937266005e68ee14b11a9 av_one_full  avia-builder-el-4  avia-builder-el-no-sibling  first flex_column_div  '     ><style type=\"text\/css\" data-created_by=\"avia_inline_auto\" id=\"style-css-av-lraxlejr-94f14dec3706fb26747abf84c3c00b3f\">\n.avia-image-container.av-lraxlejr-94f14dec3706fb26747abf84c3c00b3f img.avia_image{\nbox-shadow:none;\n}\n.avia-image-container.av-lraxlejr-94f14dec3706fb26747abf84c3c00b3f .av-image-caption-overlay-center{\ncolor:#ffffff;\n}\n<\/style>\n<div  class='avia-image-container av-lraxlejr-94f14dec3706fb26747abf84c3c00b3f av-styling- avia-align-center  avia-builder-el-5  avia-builder-el-no-sibling '   itemprop=\"image\" itemscope=\"itemscope\" itemtype=\"https:\/\/schema.org\/ImageObject\" ><div class=\"avia-image-container-inner\"><div class=\"avia-image-overlay-wrap\"><img decoding=\"async\" fetchpriority=\"high\" class='wp-image-2464 avia-img-lazy-loading-not-2464 avia_image ' src=\"https:\/\/nstdigitalweb.it\/wp-content\/uploads\/2024\/01\/dati-data-privacy-sicurezza-1030x922.jpg\" alt='' title='dati-data-privacy-sicurezza'  height=\"922\" width=\"1030\"  itemprop=\"thumbnailUrl\" srcset=\"https:\/\/nstdigitalweb.it\/wp-content\/uploads\/2024\/01\/dati-data-privacy-sicurezza-1030x922.jpg 1030w, https:\/\/nstdigitalweb.it\/wp-content\/uploads\/2024\/01\/dati-data-privacy-sicurezza-300x268.jpg 300w, https:\/\/nstdigitalweb.it\/wp-content\/uploads\/2024\/01\/dati-data-privacy-sicurezza-768x687.jpg 768w, https:\/\/nstdigitalweb.it\/wp-content\/uploads\/2024\/01\/dati-data-privacy-sicurezza-705x631.jpg 705w, https:\/\/nstdigitalweb.it\/wp-content\/uploads\/2024\/01\/dati-data-privacy-sicurezza.jpg 1207w\" sizes=\"(max-width: 1030px) 100vw, 1030px\" \/><\/div><\/div><\/div><\/div>\n<\/div><\/div><div class='flex_cell av-7xfoho-7c8225ec86fce52a1e2ea44907e48b20 av-gridrow-cell av_one_half no_margin  avia-builder-el-6  el_after_av_cell_one_half  avia-builder-el-last '  ><div class='flex_cell_inner'><form action=\"https:\/\/nstdigitalweb.it\/?page_id=2558\" method=\"post\" data-fields-with-error=\"Sono stati riscontrati errori nei seguenti campi:\" class=\"avia_ajax_form av-form-labels-visible   avia-builder-el-7  avia-builder-el-no-sibling   \" data-avia-form-id=\"1\" data-avia-redirect='' ><h3 class=''>Inviaci email<\/h3><fieldset><p class='  first_form  form_element form_fullwidth' id='element_avia_1_1'><label for=\"avia_1_1\">Nome <abbr class=\"required\" title=\"richiesto\">*<\/abbr><\/label> <input name=\"avia_1_1\" class=\"text_input is_empty\" type=\"text\" id=\"avia_1_1\" value=\"\" \/><\/p><p class='  first_form  form_element form_fullwidth' id='element_avia_2_1'><label for=\"avia_2_1\">E-Mail <abbr class=\"required\" title=\"richiesto\">*<\/abbr><\/label> <input name=\"avia_2_1\" class=\"text_input is_email\" type=\"text\" id=\"avia_2_1\" value=\"\" \/><\/p><p class='  first_form  form_element form_fullwidth' id='element_avia_3_1'><label for=\"avia_3_1\">Oggetto <abbr class=\"required\" title=\"richiesto\">*<\/abbr><\/label> <input name=\"avia_3_1\" class=\"text_input is_empty\" type=\"text\" id=\"avia_3_1\" value=\"\" \/><\/p><p class='  first_form  form_element form_fullwidth av-last-visible-form-element' id='element_avia_4_1'><label for=\"avia_4_1\" class=\"textare_label hidden textare_label_avia_4_1\">Messaggio <abbr class=\"required\" title=\"richiesto\">*<\/abbr><\/label><textarea  name=\"avia_4_1\" class=\"text_area is_empty\" cols=\"40\" rows=\"7\" id=\"avia_4_1\" ><\/textarea><\/p><p class=\"hidden\"><input type=\"text\" name=\"avia_5_1\" class=\"hidden \" id=\"avia_5_1\" value=\"\" \/><\/p><p class=\"form_element \"><input type=\"hidden\" value=\"1\" name=\"avia_generated_form1\" \/><input type=\"submit\" value=\"Inviare\" class=\"button\"  data-sending-label=\"Invio\"\/><\/p><\/fieldset><\/form><div id=\"ajaxresponse_1\" class=\"ajaxresponse ajaxresponse_1 hidden\"><\/div>\n<\/div><\/div>\n<\/div><\/p>\n<div id='av-layout-grid-2'  class='av-layout-grid-container av-1yk8c-4a43e02dcadd3b6005fc751912d56681 entry-content-wrapper main_color av-flex-cells  avia-builder-el-8  el_after_av_layout_row  avia-builder-el-last  grid-row-not-first  container_wrap fullsize'  >\n<div class='flex_cell av-3pefgc-b5ecbd732ad5319f76538ad5d41e9f76 av-gridrow-cell av_one_full no_margin  avia-builder-el-9  avia-builder-el-no-sibling '  ><div class='flex_cell_inner'>\n<style type=\"text\/css\" data-created_by=\"avia_inline_auto\" id=\"style-css-av-lraxp2hi-4c7469608b646d3e469e9b0e261f21ab\">\n#top .av-special-heading.av-lraxp2hi-4c7469608b646d3e469e9b0e261f21ab{\npadding-bottom:10px;\ncolor:#b02b2c;\n}\nbody .av-special-heading.av-lraxp2hi-4c7469608b646d3e469e9b0e261f21ab .av-special-heading-tag .heading-char{\nfont-size:25px;\n}\n.av-special-heading.av-lraxp2hi-4c7469608b646d3e469e9b0e261f21ab .special-heading-inner-border{\nborder-color:#b02b2c;\n}\n.av-special-heading.av-lraxp2hi-4c7469608b646d3e469e9b0e261f21ab .av-subheading{\nfont-size:15px;\n}\n<\/style>\n<div  class='av-special-heading av-lraxp2hi-4c7469608b646d3e469e9b0e261f21ab av-special-heading-h3 custom-color-heading blockquote elegant-quote elegant-centered  avia-builder-el-10  avia-builder-el-no-sibling '><h3 class='av-special-heading-tag'  itemprop=\"headline\"  ><span class=\"heading-wrap\"><span class='special_amp'>\u201c<\/span>Ogni giorno che passa \u00e8 un\u2019occasione persa per far crescere il tuo brand online. Un sito migliore, una strategia pi\u00f9 mirata, una comunicazione pi\u00f9 efficace possono fare la differenza. Scrivici ora: il nostro team \u00e8 pronto a trasformare la tua idea in un progetto che funziona davvero.<span class='special_amp'>\u201d<\/span><\/span><\/h3><div class=\"special-heading-border\"><div class=\"special-heading-inner-border\"><\/div><\/div><\/div>\n<\/div><\/div><\/div>\n","protected":false},"excerpt":{"rendered":"","protected":false},"author":1,"featured_media":0,"parent":0,"menu_order":0,"comment_status":"closed","ping_status":"closed","template":"","meta":{"footnotes":""},"class_list":["post-2558","page","type-page","status-publish","hentry"],"yoast_head":"<!-- This site is optimized with the Yoast SEO plugin v26.4 - https:\/\/yoast.com\/wordpress\/plugins\/seo\/ -->\n<title>Contatti - NSTDigitalWeb<\/title>\n<meta name=\"robots\" content=\"index, follow, max-snippet:-1, max-image-preview:large, max-video-preview:-1\" \/>\n<link rel=\"canonical\" href=\"https:\/\/nstdigitalweb.it\/?page_id=2558\" \/>\n<meta property=\"og:locale\" content=\"it_IT\" \/>\n<meta property=\"og:type\" content=\"article\" \/>\n<meta property=\"og:title\" content=\"Contatti - NSTDigitalWeb\" \/>\n<meta property=\"og:url\" content=\"https:\/\/nstdigitalweb.it\/?page_id=2558\" \/>\n<meta property=\"og:site_name\" content=\"NSTDigitalWeb\" \/>\n<meta property=\"article:modified_time\" content=\"2025-12-01T13:20:25+00:00\" \/>\n<meta name=\"twitter:card\" content=\"summary_large_image\" \/>\n<meta name=\"twitter:label1\" content=\"Tempo di lettura stimato\" \/>\n\t<meta name=\"twitter:data1\" content=\"1 minuto\" \/>\n<script type=\"application\/ld+json\" class=\"yoast-schema-graph\">{\"@context\":\"https:\/\/schema.org\",\"@graph\":[{\"@type\":\"WebPage\",\"@id\":\"https:\/\/nstdigitalweb.it\/?page_id=2558\",\"url\":\"https:\/\/nstdigitalweb.it\/?page_id=2558\",\"name\":\"Contatti - NSTDigitalWeb\",\"isPartOf\":{\"@id\":\"https:\/\/nstdigitalweb.it\/#website\"},\"datePublished\":\"2025-12-01T13:16:17+00:00\",\"dateModified\":\"2025-12-01T13:20:25+00:00\",\"breadcrumb\":{\"@id\":\"https:\/\/nstdigitalweb.it\/?page_id=2558#breadcrumb\"},\"inLanguage\":\"it-IT\",\"potentialAction\":[{\"@type\":\"ReadAction\",\"target\":[\"https:\/\/nstdigitalweb.it\/?page_id=2558\"]}]},{\"@type\":\"BreadcrumbList\",\"@id\":\"https:\/\/nstdigitalweb.it\/?page_id=2558#breadcrumb\",\"itemListElement\":[{\"@type\":\"ListItem\",\"position\":1,\"name\":\"Home\",\"item\":\"https:\/\/nstdigitalweb.it\/?page_id=2009\"},{\"@type\":\"ListItem\",\"position\":2,\"name\":\"Contatti\"}]},{\"@type\":\"WebSite\",\"@id\":\"https:\/\/nstdigitalweb.it\/#website\",\"url\":\"https:\/\/nstdigitalweb.it\/\",\"name\":\"NSTDigitalService\",\"description\":\"Servizi IT\",\"publisher\":{\"@id\":\"https:\/\/nstdigitalweb.it\/#organization\"},\"potentialAction\":[{\"@type\":\"SearchAction\",\"target\":{\"@type\":\"EntryPoint\",\"urlTemplate\":\"https:\/\/nstdigitalweb.it\/?s={search_term_string}\"},\"query-input\":{\"@type\":\"PropertyValueSpecification\",\"valueRequired\":true,\"valueName\":\"search_term_string\"}}],\"inLanguage\":\"it-IT\"},{\"@type\":\"Organization\",\"@id\":\"https:\/\/nstdigitalweb.it\/#organization\",\"name\":\"NSTDigitalService\",\"url\":\"https:\/\/nstdigitalweb.it\/\",\"logo\":{\"@type\":\"ImageObject\",\"inLanguage\":\"it-IT\",\"@id\":\"https:\/\/nstdigitalweb.it\/#\/schema\/logo\/image\/\",\"url\":\"https:\/\/nstdigitalweb.it\/wp-content\/uploads\/2024\/01\/Logo.png\",\"contentUrl\":\"https:\/\/nstdigitalweb.it\/wp-content\/uploads\/2024\/01\/Logo.png\",\"width\":629,\"height\":216,\"caption\":\"NSTDigitalService\"},\"image\":{\"@id\":\"https:\/\/nstdigitalweb.it\/#\/schema\/logo\/image\/\"}}]}<\/script>\n<!-- \/ Yoast SEO plugin. -->","yoast_head_json":{"title":"Contatti - NSTDigitalWeb","robots":{"index":"index","follow":"follow","max-snippet":"max-snippet:-1","max-image-preview":"max-image-preview:large","max-video-preview":"max-video-preview:-1"},"canonical":"https:\/\/nstdigitalweb.it\/?page_id=2558","og_locale":"it_IT","og_type":"article","og_title":"Contatti - NSTDigitalWeb","og_url":"https:\/\/nstdigitalweb.it\/?page_id=2558","og_site_name":"NSTDigitalWeb","article_modified_time":"2025-12-01T13:20:25+00:00","twitter_card":"summary_large_image","twitter_misc":{"Tempo di lettura stimato":"1 minuto"},"schema":{"@context":"https:\/\/schema.org","@graph":[{"@type":"WebPage","@id":"https:\/\/nstdigitalweb.it\/?page_id=2558","url":"https:\/\/nstdigitalweb.it\/?page_id=2558","name":"Contatti - NSTDigitalWeb","isPartOf":{"@id":"https:\/\/nstdigitalweb.it\/#website"},"datePublished":"2025-12-01T13:16:17+00:00","dateModified":"2025-12-01T13:20:25+00:00","breadcrumb":{"@id":"https:\/\/nstdigitalweb.it\/?page_id=2558#breadcrumb"},"inLanguage":"it-IT","potentialAction":[{"@type":"ReadAction","target":["https:\/\/nstdigitalweb.it\/?page_id=2558"]}]},{"@type":"BreadcrumbList","@id":"https:\/\/nstdigitalweb.it\/?page_id=2558#breadcrumb","itemListElement":[{"@type":"ListItem","position":1,"name":"Home","item":"https:\/\/nstdigitalweb.it\/?page_id=2009"},{"@type":"ListItem","position":2,"name":"Contatti"}]},{"@type":"WebSite","@id":"https:\/\/nstdigitalweb.it\/#website","url":"https:\/\/nstdigitalweb.it\/","name":"NSTDigitalService","description":"Servizi IT","publisher":{"@id":"https:\/\/nstdigitalweb.it\/#organization"},"potentialAction":[{"@type":"SearchAction","target":{"@type":"EntryPoint","urlTemplate":"https:\/\/nstdigitalweb.it\/?s={search_term_string}"},"query-input":{"@type":"PropertyValueSpecification","valueRequired":true,"valueName":"search_term_string"}}],"inLanguage":"it-IT"},{"@type":"Organization","@id":"https:\/\/nstdigitalweb.it\/#organization","name":"NSTDigitalService","url":"https:\/\/nstdigitalweb.it\/","logo":{"@type":"ImageObject","inLanguage":"it-IT","@id":"https:\/\/nstdigitalweb.it\/#\/schema\/logo\/image\/","url":"https:\/\/nstdigitalweb.it\/wp-content\/uploads\/2024\/01\/Logo.png","contentUrl":"https:\/\/nstdigitalweb.it\/wp-content\/uploads\/2024\/01\/Logo.png","width":629,"height":216,"caption":"NSTDigitalService"},"image":{"@id":"https:\/\/nstdigitalweb.it\/#\/schema\/logo\/image\/"}}]}},"_links":{"self":[{"href":"https:\/\/nstdigitalweb.it\/index.php?rest_route=\/wp\/v2\/pages\/2558","targetHints":{"allow":["GET"]}}],"collection":[{"href":"https:\/\/nstdigitalweb.it\/index.php?rest_route=\/wp\/v2\/pages"}],"about":[{"href":"https:\/\/nstdigitalweb.it\/index.php?rest_route=\/wp\/v2\/types\/page"}],"author":[{"embeddable":true,"href":"https:\/\/nstdigitalweb.it\/index.php?rest_route=\/wp\/v2\/users\/1"}],"replies":[{"embeddable":true,"href":"https:\/\/nstdigitalweb.it\/index.php?rest_route=%2Fwp%2Fv2%2Fcomments&post=2558"}],"version-history":[{"count":3,"href":"https:\/\/nstdigitalweb.it\/index.php?rest_route=\/wp\/v2\/pages\/2558\/revisions"}],"predecessor-version":[{"id":2562,"href":"https:\/\/nstdigitalweb.it\/index.php?rest_route=\/wp\/v2\/pages\/2558\/revisions\/2562"}],"wp:attachment":[{"href":"https:\/\/nstdigitalweb.it\/index.php?rest_route=%2Fwp%2Fv2%2Fmedia&parent=2558"}],"curies":[{"name":"wp","href":"https:\/\/api.w.org\/{rel}","templated":true}]}}